{"id":721,"date":"2025-03-15T19:45:01","date_gmt":"2025-03-15T19:45:01","guid":{"rendered":"https:\/\/lustralfest.com\/accessibility\/"},"modified":"2025-05-13T10:42:32","modified_gmt":"2025-05-13T09:42:32","slug":"sustainability","status":"publish","type":"page","link":"https:\/\/lustralfest.com\/en\/sustainability\/","title":{"rendered":"Sustainability"},"content":{"rendered":"\t\t<div data-elementor-type=\"wp-page\" data-elementor-id=\"721\" class=\"elementor elementor-721 elementor-13\" data-elementor-post-type=\"page\">\n\t\t\t\t<div class=\"elementor-element elementor-element-6257ac8 e-flex e-con-boxed e-con e-parent\" data-id=\"6257ac8\" data-element_type=\"container\">\n\t\t\t\t\t<div class=\"e-con-inner\">\n\t\t\t\t<div class=\"elementor-element elementor-element-d1a06dd elementor-widget elementor-widget-text-editor\" data-id=\"d1a06dd\" data-element_type=\"widget\" data-widget_type=\"text-editor.default\">\n\t\t\t\t<div class=\"elementor-widget-container\">\n\t\t\t\t\t\t\t\t\t<p><strong>LUSTRAL FEST<\/strong>, aware of its own activity and repercussion on the environment, assumes the responsibility and magnitude of the impacts, adapting to each one of them to enhance or maintain them in the case of the positive ones and reduce, mitigate or eliminate the negative ones in any of its systems (natural, social and economic) with the purpose of becoming a <strong>SUSTAINABLE EVENT<\/strong>.<\/p>\n<p><strong>LUSTRAL FEST<\/strong> through this Sustainability Policy, reaffirms its ongoing commitment and responsibility with the sustainable management of its activities, the requirements of the various stakeholders and compliance with its principles and values with the firm intention of aligning with the SDGs (Sustainable Development Goals) and alignment of action with the Region Challenge of the Canary Islands Agenda for Sustainable Development: Challenge 5 and action with the Accelerator Policies of the Canary Islands Strategy for Sustainable Development: Accelerator Policy 5.<\/p>\n<p>Likewise, <strong>LUSTRAL FEST<\/strong> as a whole is in line with SDGs 3, 8, 11, 12, 17.<\/p>\t\t\t\t\t\t\t\t<\/div>\n\t\t\t\t<\/div>\n\t\t\t\t\t<\/div>\n\t\t\t\t<\/div>\n\t\t\t\t<\/div>\n\t\t","protected":false},"excerpt":{"rendered":"<p>LUSTRAL FEST, aware of its own activity and repercussion on the environment, assumes the responsibility and magnitude of the impacts, adapting to each one of them to enhance or maintain them in the case of the positive ones and reduce, mitigate or eliminate the negative ones in any of its systems (natural, social and economic) [&hellip;]<\/p>\n","protected":false},"author":1,"featured_media":0,"parent":0,"menu_order":0,"comment_status":"closed","ping_status":"closed","template":"","meta":{"footnotes":""},"class_list":["post-721","page","type-page","status-publish","hentry"],"yoast_head":"<!-- This site is optimized with the Yoast SEO plugin v25.6 - https:\/\/yoast.com\/wordpress\/plugins\/seo\/ -->\n<title>Sustainability - Lustral Fest La Palma<\/title>\n<meta name=\"description\" content=\"Lustral Fest La Palma Sustainability Information Page\" \/>\n<meta name=\"robots\" content=\"index, follow, max-snippet:-1, max-image-preview:large, max-video-preview:-1\" \/>\n<link rel=\"canonical\" href=\"https:\/\/lustralfest.com\/en\/sustainability\/\" \/>\n<meta property=\"og:locale\" content=\"en_US\" \/>\n<meta property=\"og:type\" content=\"article\" \/>\n<meta property=\"og:title\" content=\"Sustainability - Lustral Fest La Palma\" \/>\n<meta property=\"og:description\" content=\"Lustral Fest La Palma Sustainability Information Page\" \/>\n<meta property=\"og:url\" content=\"https:\/\/lustralfest.com\/en\/sustainability\/\" \/>\n<meta property=\"og:site_name\" content=\"Lustral Fest La Palma\" \/>\n<meta property=\"article:publisher\" content=\"https:\/\/www.facebook.com\/profile.php?id=61576060896181\" \/>\n<meta property=\"article:modified_time\" content=\"2025-05-13T09:42:32+00:00\" \/>\n<meta property=\"og:image\" content=\"https:\/\/lustralfest.com\/wp-content\/uploads\/2025\/03\/logo_LustralFest_b.png\" \/>\n\t<meta property=\"og:image:width\" content=\"500\" \/>\n\t<meta property=\"og:image:height\" content=\"136\" \/>\n\t<meta property=\"og:image:type\" content=\"image\/png\" \/>\n<meta name=\"twitter:card\" content=\"summary_large_image\" \/>\n<meta name=\"twitter:label1\" content=\"Est. reading time\" \/>\n\t<meta name=\"twitter:data1\" content=\"1 minute\" \/>\n<script type=\"application\/ld+json\" class=\"yoast-schema-graph\">{\"@context\":\"https:\/\/schema.org\",\"@graph\":[{\"@type\":\"WebPage\",\"@id\":\"https:\/\/lustralfest.com\/en\/sustainability\/\",\"url\":\"https:\/\/lustralfest.com\/en\/sustainability\/\",\"name\":\"Sustainability - Lustral Fest La Palma\",\"isPartOf\":{\"@id\":\"https:\/\/lustralfest.com\/#website\"},\"datePublished\":\"2025-03-15T19:45:01+00:00\",\"dateModified\":\"2025-05-13T09:42:32+00:00\",\"description\":\"Lustral Fest La Palma Sustainability Information Page\",\"breadcrumb\":{\"@id\":\"https:\/\/lustralfest.com\/en\/sustainability\/#breadcrumb\"},\"inLanguage\":\"en-US\",\"potentialAction\":[{\"@type\":\"ReadAction\",\"target\":[\"https:\/\/lustralfest.com\/en\/sustainability\/\"]}]},{\"@type\":\"BreadcrumbList\",\"@id\":\"https:\/\/lustralfest.com\/en\/sustainability\/#breadcrumb\",\"itemListElement\":[{\"@type\":\"ListItem\",\"position\":1,\"name\":\"Portada\",\"item\":\"https:\/\/lustralfest.com\/\"},{\"@type\":\"ListItem\",\"position\":2,\"name\":\"Sustainability\"}]},{\"@type\":\"WebSite\",\"@id\":\"https:\/\/lustralfest.com\/#website\",\"url\":\"https:\/\/lustralfest.com\/\",\"name\":\"Lustral Fest La Palma\",\"description\":\"Festival musical de dos d\u00edas incluido dentro de la Fiesta de Inter\u00e9s Tur\u00edstico Nacional de la Bajada de la Virgen de las NTwo-day music festival included in the Festival of National Tourist Interest of the Bajada de la Virgen de las Nieves.ieves\",\"publisher\":{\"@id\":\"https:\/\/lustralfest.com\/#organization\"},\"alternateName\":\"Lustral Fest\",\"potentialAction\":[{\"@type\":\"SearchAction\",\"target\":{\"@type\":\"EntryPoint\",\"urlTemplate\":\"https:\/\/lustralfest.com\/?s={search_term_string}\"},\"query-input\":{\"@type\":\"PropertyValueSpecification\",\"valueRequired\":true,\"valueName\":\"search_term_string\"}}],\"inLanguage\":\"en-US\"},{\"@type\":\"Organization\",\"@id\":\"https:\/\/lustralfest.com\/#organization\",\"name\":\"Sociedad de Promoci\u00f3n y Desarrollo Econ\u00f3mico y Social de La Palma\",\"alternateName\":\"SODEPAL\",\"url\":\"https:\/\/lustralfest.com\/\",\"logo\":{\"@type\":\"ImageObject\",\"inLanguage\":\"en-US\",\"@id\":\"https:\/\/lustralfest.com\/#\/schema\/logo\/image\/\",\"url\":\"https:\/\/lustralfest.com\/wp-content\/uploads\/2025\/03\/sodepal_logo.png\",\"contentUrl\":\"https:\/\/lustralfest.com\/wp-content\/uploads\/2025\/03\/sodepal_logo.png\",\"width\":300,\"height\":300,\"caption\":\"Sociedad de Promoci\u00f3n y Desarrollo Econ\u00f3mico y Social de La Palma\"},\"image\":{\"@id\":\"https:\/\/lustralfest.com\/#\/schema\/logo\/image\/\"},\"sameAs\":[\"https:\/\/www.facebook.com\/profile.php?id=61576060896181\",\"https:\/\/www.instagram.com\/lustralfestlapalma\/\",\"https:\/\/www.youtube.com\/@LustralFestLaPalma\"]}]}<\/script>\n<!-- \/ Yoast SEO plugin. -->","yoast_head_json":{"title":"Sustainability - Lustral Fest La Palma","description":"Lustral Fest La Palma Sustainability Information Page","robots":{"index":"index","follow":"follow","max-snippet":"max-snippet:-1","max-image-preview":"max-image-preview:large","max-video-preview":"max-video-preview:-1"},"canonical":"https:\/\/lustralfest.com\/en\/sustainability\/","og_locale":"en_US","og_type":"article","og_title":"Sustainability - Lustral Fest La Palma","og_description":"Lustral Fest La Palma Sustainability Information Page","og_url":"https:\/\/lustralfest.com\/en\/sustainability\/","og_site_name":"Lustral Fest La Palma","article_publisher":"https:\/\/www.facebook.com\/profile.php?id=61576060896181","article_modified_time":"2025-05-13T09:42:32+00:00","og_image":[{"width":500,"height":136,"url":"https:\/\/lustralfest.com\/wp-content\/uploads\/2025\/03\/logo_LustralFest_b.png","type":"image\/png"}],"twitter_card":"summary_large_image","twitter_misc":{"Est. reading time":"1 minute"},"schema":{"@context":"https:\/\/schema.org","@graph":[{"@type":"WebPage","@id":"https:\/\/lustralfest.com\/en\/sustainability\/","url":"https:\/\/lustralfest.com\/en\/sustainability\/","name":"Sustainability - Lustral Fest La Palma","isPartOf":{"@id":"https:\/\/lustralfest.com\/#website"},"datePublished":"2025-03-15T19:45:01+00:00","dateModified":"2025-05-13T09:42:32+00:00","description":"Lustral Fest La Palma Sustainability Information Page","breadcrumb":{"@id":"https:\/\/lustralfest.com\/en\/sustainability\/#breadcrumb"},"inLanguage":"en-US","potentialAction":[{"@type":"ReadAction","target":["https:\/\/lustralfest.com\/en\/sustainability\/"]}]},{"@type":"BreadcrumbList","@id":"https:\/\/lustralfest.com\/en\/sustainability\/#breadcrumb","itemListElement":[{"@type":"ListItem","position":1,"name":"Portada","item":"https:\/\/lustralfest.com\/"},{"@type":"ListItem","position":2,"name":"Sustainability"}]},{"@type":"WebSite","@id":"https:\/\/lustralfest.com\/#website","url":"https:\/\/lustralfest.com\/","name":"Lustral Fest La Palma","description":"Festival musical de dos d\u00edas incluido dentro de la Fiesta de Inter\u00e9s Tur\u00edstico Nacional de la Bajada de la Virgen de las NTwo-day music festival included in the Festival of National Tourist Interest of the Bajada de la Virgen de las Nieves.ieves","publisher":{"@id":"https:\/\/lustralfest.com\/#organization"},"alternateName":"Lustral Fest","potentialAction":[{"@type":"SearchAction","target":{"@type":"EntryPoint","urlTemplate":"https:\/\/lustralfest.com\/?s={search_term_string}"},"query-input":{"@type":"PropertyValueSpecification","valueRequired":true,"valueName":"search_term_string"}}],"inLanguage":"en-US"},{"@type":"Organization","@id":"https:\/\/lustralfest.com\/#organization","name":"Sociedad de Promoci\u00f3n y Desarrollo Econ\u00f3mico y Social de La Palma","alternateName":"SODEPAL","url":"https:\/\/lustralfest.com\/","logo":{"@type":"ImageObject","inLanguage":"en-US","@id":"https:\/\/lustralfest.com\/#\/schema\/logo\/image\/","url":"https:\/\/lustralfest.com\/wp-content\/uploads\/2025\/03\/sodepal_logo.png","contentUrl":"https:\/\/lustralfest.com\/wp-content\/uploads\/2025\/03\/sodepal_logo.png","width":300,"height":300,"caption":"Sociedad de Promoci\u00f3n y Desarrollo Econ\u00f3mico y Social de La Palma"},"image":{"@id":"https:\/\/lustralfest.com\/#\/schema\/logo\/image\/"},"sameAs":["https:\/\/www.facebook.com\/profile.php?id=61576060896181","https:\/\/www.instagram.com\/lustralfestlapalma\/","https:\/\/www.youtube.com\/@LustralFestLaPalma"]}]}},"_links":{"self":[{"href":"https:\/\/lustralfest.com\/en\/wp-json\/wp\/v2\/pages\/721","targetHints":{"allow":["GET"]}}],"collection":[{"href":"https:\/\/lustralfest.com\/en\/wp-json\/wp\/v2\/pages"}],"about":[{"href":"https:\/\/lustralfest.com\/en\/wp-json\/wp\/v2\/types\/page"}],"author":[{"embeddable":true,"href":"https:\/\/lustralfest.com\/en\/wp-json\/wp\/v2\/users\/1"}],"replies":[{"embeddable":true,"href":"https:\/\/lustralfest.com\/en\/wp-json\/wp\/v2\/comments?post=721"}],"version-history":[{"count":4,"href":"https:\/\/lustralfest.com\/en\/wp-json\/wp\/v2\/pages\/721\/revisions"}],"predecessor-version":[{"id":812,"href":"https:\/\/lustralfest.com\/en\/wp-json\/wp\/v2\/pages\/721\/revisions\/812"}],"wp:attachment":[{"href":"https:\/\/lustralfest.com\/en\/wp-json\/wp\/v2\/media?parent=721"}],"curies":[{"name":"wp","href":"https:\/\/api.w.org\/{rel}","templated":true}]}}