{"id":717,"date":"2025-03-15T19:43:59","date_gmt":"2025-03-15T19:43:59","guid":{"rendered":"https:\/\/lustralfest.com\/cookie-policy\/"},"modified":"2025-05-13T10:47:24","modified_gmt":"2025-05-13T09:47:24","slug":"cookie-policy","status":"publish","type":"page","link":"https:\/\/lustralfest.com\/en\/cookie-policy\/","title":{"rendered":"Cookie Policy"},"content":{"rendered":"\t\t<div data-elementor-type=\"wp-page\" data-elementor-id=\"717\" class=\"elementor elementor-717 elementor-7\" data-elementor-post-type=\"page\">\n\t\t\t\t<div class=\"elementor-element elementor-element-4fdd875 e-flex e-con-boxed e-con e-parent\" data-id=\"4fdd875\" data-element_type=\"container\">\n\t\t\t\t\t<div class=\"e-con-inner\">\n\t\t\t\t<div class=\"elementor-element elementor-element-b8992b2 elementor-widget elementor-widget-text-editor\" data-id=\"b8992b2\" data-element_type=\"widget\" data-widget_type=\"text-editor.default\">\n\t\t\t\t<div class=\"elementor-widget-container\">\n\t\t\t\t\t\t\t\t\t<section class=\"elementor-section elementor-top-section elementor-element elementor-element-cdc32e9 elementor-section-boxed elementor-section-height-default elementor-section-height-default\" data-id=\"cdc32e9\" data-element_type=\"section\"><div class=\"elementor-container elementor-column-gap-default\"><div class=\"elementor-column elementor-col-100 elementor-top-column elementor-element elementor-element-bffdd6d\" data-id=\"bffdd6d\" data-element_type=\"column\"><div class=\"elementor-widget-wrap elementor-element-populated\"><div class=\"elementor-element elementor-element-afd1357 elementor-widget elementor-widget-theme-post-content\" data-id=\"afd1357\" data-element_type=\"widget\" data-widget_type=\"theme-post-content.default\"><div class=\"elementor-widget-container\"><div class=\"elementor elementor-1622\" data-elementor-type=\"wp-page\" data-elementor-id=\"1622\" data-elementor-post-type=\"page\"><section class=\"elementor-section elementor-top-section elementor-element elementor-element-4d667665 elementor-section-boxed elementor-section-height-default elementor-section-height-default\" data-id=\"4d667665\" data-element_type=\"section\"><div class=\"elementor-container elementor-column-gap-default\"><div class=\"elementor-column elementor-col-100 elementor-top-column elementor-element elementor-element-79fa24c6\" data-id=\"79fa24c6\" data-element_type=\"column\"><div class=\"elementor-widget-wrap elementor-element-populated\"><div class=\"elementor-element elementor-element-4232e491 elementor-widget elementor-widget-text-editor\" data-id=\"4232e491\" data-element_type=\"widget\" data-widget_type=\"text-editor.default\"><div class=\"elementor-widget-container\"><h4>What are cookies?<\/h4><p>A cookie is a file that is downloaded to your computer when you access certain websites. Cookies allow a website, among other things, to store and retrieve information about the browsing habits of a user or their computer and, depending on the information they contain and the way you use your computer, they can be used to recognise the user.<\/p><p>This website uses cookies and\/or similar technologies that store and retrieve information when you browse. In general, these technologies can be used for a variety of purposes, such as, for example, recognising you as a user, obtaining information about your browsing habits, or personalising the way in which content is displayed. The specific uses we make of these technologies are described below.<\/p><p><strong>What types of cookies are there?<\/strong><\/p><p>Depending on who manages them:<\/p><ul><li>First-party cookies: these are those that are sent to the user&#8217;s computer from the domain managed by the website visited and from which the service requested by the user is provided.<\/li><li>Third-party cookies: these are those that are sent to the user&#8217;s computer from a domain that is not managed by the visited website itself, but by another entity that processes cookies.<\/li><\/ul><p>Depending on the purpose:<\/p><ul><li>Technical Cookies: these are those that allow the user to browse through a website and use the different options or services that exist on it, including those that allow us to manage and operate the website and enable its functions and services, such as, for example, controlling traffic and data communication, identifying the session, accessing restricted access parts, remembering the elements that make up an order, carrying out the purchasing process of an order, managing payment, controlling fraud, making the application for registration or participation in an event, counting visits, etc.<\/li><li>Preference or personalisation cookies: these are cookies that allow information to be remembered so that the user can access the service with certain characteristics that may differentiate their experience from that of other users, such as, for example, the language, the number of results to be shown when the user performs a search, the appearance or content of the service depending on the type of browser through which the user accesses the service or the region from which they access the service, etc.<\/li><li>Analysis cookies: These cookies allow us to quantify the number of users and thus carry out the measurement and statistical analysis of the use made by users of the service offered. To do this, your browsing on our website is analysed in order to improve the range of products or services that we offer.<\/li><li>Advertising Cookies: These are those that allow us to manage as effectively as possible the offer of advertising spaces on the website, adapting the content of the advertisement to the content of the service requested or to the use you make of our website. To do so, we can analyse your browsing habits on the Internet and we can show you advertising related to your browsing profile.<\/li><\/ul><p>Depending on the period of permanence:<\/p><ul><li>Session cookies: these are those designed to collect and store data while the user accesses a website. They are usually used to store information that only needs to be kept for the provision of the service requested by the user on a single occasion (for example, a list of products purchased) and disappear at the end of the session.<\/li><li>Persistent cookies: these are cookies in which the data remain stored in the terminal and can be accessed and processed for a period defined by the party responsible for the cookie, which can range from a few minutes to several years.<\/li><\/ul><h4>Information on the type of cookies and their purpose<\/h4><p><strong>What cookies do we use?<\/strong><\/p><p>www.lustralfest.com uses the following types of cookies on the website:<\/p><ul><li><strong>Technical cookies<\/strong><br \/>They allow the user to browse the website.<\/li><li><strong>Personalisation cookies<\/strong><br \/>They allow us to know the user&#8217;s preferences: language, products visited&#8230;<\/li><li><strong>Analysis cookies<\/strong><br \/>We use Google Analytics cookies to quantify the number of users visiting the website. These cookies allow us to measure and analyse how users browse the website. This information allows SOCIEDAD DE PROMOCION Y DESARROLLO ECONOMICO DE LA ISLA DE LA PALMA SAU to continuously improve its services and the experience of the users of the website. For more information, you can consult the Google Analytics privacy page: <a href=\"https:\/\/developers.google.com\/analytics\/devguides\/collection\/analyticsjs\/cookie-usage.\" target=\"_blank\" rel=\"noopener\">https:\/\/developers.google.com\/analytics\/devguides\/collection\/analyticsjs\/cookie-usage.<\/a><\/li><\/ul><p><strong><br \/>Cookies installed in our web domain:<\/strong><\/p><table border=\"1\" width=\"80%\" cellpadding=\"0\"><tbody><tr><td height=\"29\">Cookie name<\/td><td><p align=\"left\">Purpose<\/p><\/td><td><p align=\"left\">Own\/ third party<\/p><\/td><td><p align=\"left\">Duration<\/p><\/td><td><p align=\"left\">When is it installed?<\/p><\/td><\/tr><tr><td width=\"157\"><p align=\"left\">Session Cookie<\/p><\/td><td width=\"178\"><p align=\"left\">Technical<\/p><\/td><td width=\"74\"><p align=\"left\">Own<\/p><\/td><td width=\"83\"><p align=\"left\">In session<\/p><\/td><td width=\"148\"><p align=\"left\">When accessing the website<\/p><\/td><\/tr><tr><td width=\"157\"><p align=\"left\">statistics<\/p><\/td><td width=\"178\"><p align=\"left\">Technical<\/p><\/td><td width=\"74\"><p align=\"left\">Own<\/p><\/td><td width=\"83\"><p align=\"left\">One month<\/p><\/td><td width=\"148\"><p align=\"left\">When accessing the website<\/p><\/td><\/tr><tr><td width=\"157\"><p align=\"left\">_utma<\/p><\/td><td width=\"178\"><p align=\"left\">GOOGLE Analytics analytics cookie, used to distinguish users and sessions.<\/p><\/td><td width=\"74\"><p align=\"left\">Third parties<\/p><\/td><td width=\"83\"><p align=\"left\">2 years<\/p><\/td><td width=\"148\"><p align=\"left\">When cookies are accepted<\/p><\/td><\/tr><tr><td width=\"157\"><p align=\"left\">_utmb<br \/>_utmbta<\/p><\/td><td width=\"178\"><p align=\"left\">GOOGLE Analytics analytics cookie, used to determine new sessions or visits.<\/p><\/td><td width=\"74\"><p align=\"left\">Third parties<\/p><\/td><td width=\"83\"><p align=\"left\">30 minutes<\/p><\/td><td width=\"148\"><p align=\"left\">When cookies are accepted<\/p><\/td><\/tr><tr><td width=\"157\"><p align=\"left\">_utmc<\/p><\/td><td width=\"178\"><p align=\"left\">GOOGLE Analytics analytics cookie, not used in ga.js. It is set to interact with urchin.js. Previously, this cookie acted in conjunction with the __utmb cookie to determine whether the user was in a new session or visit.<\/p><\/td><td width=\"74\"><p align=\"left\">Third parties<\/p><\/td><td width=\"83\"><p align=\"left\">In Session<\/p><\/td><td width=\"148\"><p align=\"left\">When cookies are accepted<\/p><\/td><\/tr><tr><td width=\"157\"><p align=\"left\">_utmv<\/p><\/td><td width=\"178\"><p align=\"left\">GOOGLE Analytics analytical cookie, used to store data obtained from records, in order to be able to segment them demographically.<\/p><\/td><td width=\"74\"><p align=\"left\">Third parties<\/p><\/td><td width=\"83\"><p align=\"left\">2 years<\/p><\/td><td width=\"148\"><p align=\"left\">When cookies are accepted<\/p><\/td><\/tr><tr><td width=\"157\"><p align=\"left\">_utmz<\/p><\/td><td width=\"178\"><p align=\"left\">GOOGLE Analytics analytical cookie, used to calculate the traffic coming from search engines (organic and PPC), display advertising campaigns and navigation within the same website (internal links).<\/p><\/td><td width=\"74\"><p align=\"left\">Third parties<\/p><\/td><td width=\"83\"><p align=\"left\">6 months<\/p><\/td><td width=\"148\"><p align=\"left\">When cookies are accepted<\/p><\/td><\/tr><\/tbody><\/table><p>This website, like most websites, includes functionality provided by third parties.<br \/>Our website is a living website and may include new designs or services from third parties. This may occasionally change the cookie settings and may result in the appearance of cookies that are not detailed in detail in this policy.<\/p><p><strong>Third-party cookies used on our website installed by third-party domains are as follows:<\/strong><\/p><table border=\"1\" width=\"80%\" cellpadding=\"0\" align=\"left\"><tbody><tr><td>Holder<\/td><td><p align=\"left\">Name<\/p><\/td><td><p align=\"left\">When is it installed?<\/p><\/td><td><p align=\"left\">Description<\/p><\/td><td><p align=\"left\">Duration<\/p><\/td><\/tr><tr><td width=\"139\"><p align=\"left\">Google<\/p><\/td><td width=\"159\"><p align=\"left\">\u00a0<\/p><\/td><td width=\"64\"><p align=\"left\">When surfing the web and using the social plug-in<\/p><\/td><td width=\"111\"><p align=\"left\">Social network plug-in that allows the user to share videos.<\/p><\/td><td width=\"84\"><p align=\"left\">Depends on the social network<\/p><\/td><\/tr><\/tbody><\/table><p>Our site does not control the cookies used by these third parties. For more information about cookies from social networks or other external websites, we advise you to check their own cookie policies.<\/p><h3>Cookie settings for popular browsers<\/h3><p>(Note: these steps may vary depending on browser version)<\/p><p><span style=\"text-decoration: underline;\">Chrome:<\/span><br \/>Go to Settings by clicking on the customisation icon at the top right with three vertical dots.<br \/>Go to Privacy and Security.<br \/>Select Cookies and other website data. There you can choose how cookies are controlled.<\/p><p><span style=\"text-decoration: underline;\">Edge:<\/span><br \/>Go to Settings by clicking on the three horizontal bars at the top right of the browser.<br \/>Click on Settings and then click on Cookies and site permissions.<br \/>There you can choose how cookies are controlled.<\/p><p><span style=\"text-decoration: underline;\">Firefox:<\/span><br \/>Go to Settings by clicking on the three horizontal bars at the top right of the browser.<br \/>Click on Privacy &amp; Security.<br \/>Under Cookies &amp; Site Data you can manage everything to do with cookies.<\/p><p><span style=\"text-decoration: underline;\">Opera:<\/span><br \/>Go to Easy Settings by clicking on the three horizontal bars at the top right of the browser.<br \/>Click on Privacy &amp; Security.<br \/>Under Cookies and other site data you can manage everything related to cookies.<\/p><p><span style=\"text-decoration: underline;\">Safari for OSX:<\/span><br \/>Go to Preferences, then Privacy.<br \/>Here you will see the option Block cookies for you to adjust the type of blocking you want to do.<\/p><p><span style=\"text-decoration: underline;\">Safari for iOS:<\/span><br \/>Go to Settings, then Safari.<br \/>Go to Privacy and Security, you will see the option Block cookies for you to adjust the type of blocking you want to do.<\/p><p><span style=\"text-decoration: underline;\">Android:<\/span><br \/>Launch the browser and press the Menu key, then Settings.<br \/>Go to Security &amp; Privacy, you will see the Accept cookies option to check or uncheck the box.<\/p><h4>Other information about cookies<\/h4><p>No data is transferred to third parties and no automated profiling is carried out with the information obtained by cookies.<\/p><p>You can access more information about your privacy in the Legal Notice of the Web.<\/p><p>In addition, you can always file complaints about your rights with the Supervisory Authority (<a href=\"https:\/\/www.aepd.es\/\" target=\"_blank\" rel=\"noopener\">www.aepd.es<\/a>), which also has several guides on cookies and privacy on the web.<\/p><\/div><\/div><\/div><\/div><\/div><\/section><\/div><\/div><\/div><\/div><\/div><\/div><\/section>\t\t\t\t\t\t\t\t<\/div>\n\t\t\t\t<\/div>\n\t\t\t\t\t<\/div>\n\t\t\t\t<\/div>\n\t\t\t\t<\/div>\n\t\t","protected":false},"excerpt":{"rendered":"<p>What are cookies? A cookie is a file that is downloaded to your computer when you access certain websites. Cookies allow a website, among other things, to store and retrieve information about the browsing habits of a user or their computer and, depending on the information they contain and the way you use your computer, [&hellip;]<\/p>\n","protected":false},"author":1,"featured_media":0,"parent":0,"menu_order":0,"comment_status":"closed","ping_status":"closed","template":"","meta":{"footnotes":""},"class_list":["post-717","page","type-page","status-publish","hentry"],"yoast_head":"<!-- This site is optimized with the Yoast SEO plugin v25.6 - https:\/\/yoast.com\/wordpress\/plugins\/seo\/ -->\n<title>Cookie Policy - Lustral Fest La Palma<\/title>\n<meta name=\"description\" content=\"Cookie policy page of this website\" \/>\n<meta name=\"robots\" content=\"index, follow, max-snippet:-1, max-image-preview:large, max-video-preview:-1\" \/>\n<link rel=\"canonical\" href=\"https:\/\/lustralfest.com\/en\/cookie-policy\/\" \/>\n<meta property=\"og:locale\" content=\"en_US\" \/>\n<meta property=\"og:type\" content=\"article\" \/>\n<meta property=\"og:title\" content=\"Cookie Policy - Lustral Fest La Palma\" \/>\n<meta property=\"og:description\" content=\"Cookie policy page of this website\" \/>\n<meta property=\"og:url\" content=\"https:\/\/lustralfest.com\/en\/cookie-policy\/\" \/>\n<meta property=\"og:site_name\" content=\"Lustral Fest La Palma\" \/>\n<meta property=\"article:publisher\" content=\"https:\/\/www.facebook.com\/profile.php?id=61576060896181\" \/>\n<meta property=\"article:modified_time\" content=\"2025-05-13T09:47:24+00:00\" \/>\n<meta property=\"og:image\" content=\"https:\/\/lustralfest.com\/wp-content\/uploads\/2025\/03\/logo_LustralFest_b.png\" \/>\n\t<meta property=\"og:image:width\" content=\"500\" \/>\n\t<meta property=\"og:image:height\" content=\"136\" \/>\n\t<meta property=\"og:image:type\" content=\"image\/png\" \/>\n<meta name=\"twitter:card\" content=\"summary_large_image\" \/>\n<meta name=\"twitter:label1\" content=\"Est. reading time\" \/>\n\t<meta name=\"twitter:data1\" content=\"7 minutes\" \/>\n<script type=\"application\/ld+json\" class=\"yoast-schema-graph\">{\"@context\":\"https:\/\/schema.org\",\"@graph\":[{\"@type\":\"WebPage\",\"@id\":\"https:\/\/lustralfest.com\/en\/cookie-policy\/\",\"url\":\"https:\/\/lustralfest.com\/en\/cookie-policy\/\",\"name\":\"Cookie Policy - Lustral Fest La Palma\",\"isPartOf\":{\"@id\":\"https:\/\/lustralfest.com\/#website\"},\"datePublished\":\"2025-03-15T19:43:59+00:00\",\"dateModified\":\"2025-05-13T09:47:24+00:00\",\"description\":\"Cookie policy page of this website\",\"breadcrumb\":{\"@id\":\"https:\/\/lustralfest.com\/en\/cookie-policy\/#breadcrumb\"},\"inLanguage\":\"en-US\",\"potentialAction\":[{\"@type\":\"ReadAction\",\"target\":[\"https:\/\/lustralfest.com\/en\/cookie-policy\/\"]}]},{\"@type\":\"BreadcrumbList\",\"@id\":\"https:\/\/lustralfest.com\/en\/cookie-policy\/#breadcrumb\",\"itemListElement\":[{\"@type\":\"ListItem\",\"position\":1,\"name\":\"Portada\",\"item\":\"https:\/\/lustralfest.com\/\"},{\"@type\":\"ListItem\",\"position\":2,\"name\":\"Cookie Policy\"}]},{\"@type\":\"WebSite\",\"@id\":\"https:\/\/lustralfest.com\/#website\",\"url\":\"https:\/\/lustralfest.com\/\",\"name\":\"Lustral Fest La Palma\",\"description\":\"Festival musical de dos d\u00edas incluido dentro de la Fiesta de Inter\u00e9s Tur\u00edstico Nacional de la Bajada de la Virgen de las NTwo-day music festival included in the Festival of National Tourist Interest of the Bajada de la Virgen de las Nieves.ieves\",\"publisher\":{\"@id\":\"https:\/\/lustralfest.com\/#organization\"},\"alternateName\":\"Lustral Fest\",\"potentialAction\":[{\"@type\":\"SearchAction\",\"target\":{\"@type\":\"EntryPoint\",\"urlTemplate\":\"https:\/\/lustralfest.com\/?s={search_term_string}\"},\"query-input\":{\"@type\":\"PropertyValueSpecification\",\"valueRequired\":true,\"valueName\":\"search_term_string\"}}],\"inLanguage\":\"en-US\"},{\"@type\":\"Organization\",\"@id\":\"https:\/\/lustralfest.com\/#organization\",\"name\":\"Sociedad de Promoci\u00f3n y Desarrollo Econ\u00f3mico y Social de La Palma\",\"alternateName\":\"SODEPAL\",\"url\":\"https:\/\/lustralfest.com\/\",\"logo\":{\"@type\":\"ImageObject\",\"inLanguage\":\"en-US\",\"@id\":\"https:\/\/lustralfest.com\/#\/schema\/logo\/image\/\",\"url\":\"https:\/\/lustralfest.com\/wp-content\/uploads\/2025\/03\/sodepal_logo.png\",\"contentUrl\":\"https:\/\/lustralfest.com\/wp-content\/uploads\/2025\/03\/sodepal_logo.png\",\"width\":300,\"height\":300,\"caption\":\"Sociedad de Promoci\u00f3n y Desarrollo Econ\u00f3mico y Social de La Palma\"},\"image\":{\"@id\":\"https:\/\/lustralfest.com\/#\/schema\/logo\/image\/\"},\"sameAs\":[\"https:\/\/www.facebook.com\/profile.php?id=61576060896181\",\"https:\/\/www.instagram.com\/lustralfestlapalma\/\",\"https:\/\/www.youtube.com\/@LustralFestLaPalma\"]}]}<\/script>\n<!-- \/ Yoast SEO plugin. -->","yoast_head_json":{"title":"Cookie Policy - Lustral Fest La Palma","description":"Cookie policy page of this website","robots":{"index":"index","follow":"follow","max-snippet":"max-snippet:-1","max-image-preview":"max-image-preview:large","max-video-preview":"max-video-preview:-1"},"canonical":"https:\/\/lustralfest.com\/en\/cookie-policy\/","og_locale":"en_US","og_type":"article","og_title":"Cookie Policy - Lustral Fest La Palma","og_description":"Cookie policy page of this website","og_url":"https:\/\/lustralfest.com\/en\/cookie-policy\/","og_site_name":"Lustral Fest La Palma","article_publisher":"https:\/\/www.facebook.com\/profile.php?id=61576060896181","article_modified_time":"2025-05-13T09:47:24+00:00","og_image":[{"width":500,"height":136,"url":"https:\/\/lustralfest.com\/wp-content\/uploads\/2025\/03\/logo_LustralFest_b.png","type":"image\/png"}],"twitter_card":"summary_large_image","twitter_misc":{"Est. reading time":"7 minutes"},"schema":{"@context":"https:\/\/schema.org","@graph":[{"@type":"WebPage","@id":"https:\/\/lustralfest.com\/en\/cookie-policy\/","url":"https:\/\/lustralfest.com\/en\/cookie-policy\/","name":"Cookie Policy - Lustral Fest La Palma","isPartOf":{"@id":"https:\/\/lustralfest.com\/#website"},"datePublished":"2025-03-15T19:43:59+00:00","dateModified":"2025-05-13T09:47:24+00:00","description":"Cookie policy page of this website","breadcrumb":{"@id":"https:\/\/lustralfest.com\/en\/cookie-policy\/#breadcrumb"},"inLanguage":"en-US","potentialAction":[{"@type":"ReadAction","target":["https:\/\/lustralfest.com\/en\/cookie-policy\/"]}]},{"@type":"BreadcrumbList","@id":"https:\/\/lustralfest.com\/en\/cookie-policy\/#breadcrumb","itemListElement":[{"@type":"ListItem","position":1,"name":"Portada","item":"https:\/\/lustralfest.com\/"},{"@type":"ListItem","position":2,"name":"Cookie Policy"}]},{"@type":"WebSite","@id":"https:\/\/lustralfest.com\/#website","url":"https:\/\/lustralfest.com\/","name":"Lustral Fest La Palma","description":"Festival musical de dos d\u00edas incluido dentro de la Fiesta de Inter\u00e9s Tur\u00edstico Nacional de la Bajada de la Virgen de las NTwo-day music festival included in the Festival of National Tourist Interest of the Bajada de la Virgen de las Nieves.ieves","publisher":{"@id":"https:\/\/lustralfest.com\/#organization"},"alternateName":"Lustral Fest","potentialAction":[{"@type":"SearchAction","target":{"@type":"EntryPoint","urlTemplate":"https:\/\/lustralfest.com\/?s={search_term_string}"},"query-input":{"@type":"PropertyValueSpecification","valueRequired":true,"valueName":"search_term_string"}}],"inLanguage":"en-US"},{"@type":"Organization","@id":"https:\/\/lustralfest.com\/#organization","name":"Sociedad de Promoci\u00f3n y Desarrollo Econ\u00f3mico y Social de La Palma","alternateName":"SODEPAL","url":"https:\/\/lustralfest.com\/","logo":{"@type":"ImageObject","inLanguage":"en-US","@id":"https:\/\/lustralfest.com\/#\/schema\/logo\/image\/","url":"https:\/\/lustralfest.com\/wp-content\/uploads\/2025\/03\/sodepal_logo.png","contentUrl":"https:\/\/lustralfest.com\/wp-content\/uploads\/2025\/03\/sodepal_logo.png","width":300,"height":300,"caption":"Sociedad de Promoci\u00f3n y Desarrollo Econ\u00f3mico y Social de La Palma"},"image":{"@id":"https:\/\/lustralfest.com\/#\/schema\/logo\/image\/"},"sameAs":["https:\/\/www.facebook.com\/profile.php?id=61576060896181","https:\/\/www.instagram.com\/lustralfestlapalma\/","https:\/\/www.youtube.com\/@LustralFestLaPalma"]}]}},"_links":{"self":[{"href":"https:\/\/lustralfest.com\/en\/wp-json\/wp\/v2\/pages\/717","targetHints":{"allow":["GET"]}}],"collection":[{"href":"https:\/\/lustralfest.com\/en\/wp-json\/wp\/v2\/pages"}],"about":[{"href":"https:\/\/lustralfest.com\/en\/wp-json\/wp\/v2\/types\/page"}],"author":[{"embeddable":true,"href":"https:\/\/lustralfest.com\/en\/wp-json\/wp\/v2\/users\/1"}],"replies":[{"embeddable":true,"href":"https:\/\/lustralfest.com\/en\/wp-json\/wp\/v2\/comments?post=717"}],"version-history":[{"count":6,"href":"https:\/\/lustralfest.com\/en\/wp-json\/wp\/v2\/pages\/717\/revisions"}],"predecessor-version":[{"id":815,"href":"https:\/\/lustralfest.com\/en\/wp-json\/wp\/v2\/pages\/717\/revisions\/815"}],"wp:attachment":[{"href":"https:\/\/lustralfest.com\/en\/wp-json\/wp\/v2\/media?parent=717"}],"curies":[{"name":"wp","href":"https:\/\/api.w.org\/{rel}","templated":true}]}}