{"id":722,"date":"2025-03-15T19:45:01","date_gmt":"2025-03-15T19:45:01","guid":{"rendered":"https:\/\/lustralfest.com\/erreichbarkeit\/"},"modified":"2025-05-13T10:46:00","modified_gmt":"2025-05-13T09:46:00","slug":"nachhaltigkeit","status":"publish","type":"page","link":"https:\/\/lustralfest.com\/de\/nachhaltigkeit\/","title":{"rendered":"Nachhaltigkeit"},"content":{"rendered":"\t\t<div data-elementor-type=\"wp-page\" data-elementor-id=\"722\" class=\"elementor elementor-722 elementor-13\" data-elementor-post-type=\"page\">\n\t\t\t\t<div class=\"elementor-element elementor-element-6257ac8 e-flex e-con-boxed e-con e-parent\" data-id=\"6257ac8\" data-element_type=\"container\">\n\t\t\t\t\t<div class=\"e-con-inner\">\n\t\t\t\t<div class=\"elementor-element elementor-element-d1a06dd elementor-widget elementor-widget-text-editor\" data-id=\"d1a06dd\" data-element_type=\"widget\" data-widget_type=\"text-editor.default\">\n\t\t\t\t<div class=\"elementor-widget-container\">\n\t\t\t\t\t\t\t\t\t<p>Das<strong> LUSTRAL FEST<\/strong> ist sich seiner eigenen Aktivit\u00e4ten und Auswirkungen auf die Umwelt bewusst und \u00fcbernimmt die Verantwortung und das Ausma\u00df der Auswirkungen, indem es sich an jeden einzelnen von ihnen anpasst, um sie im Falle der positiven Auswirkungen zu verbessern oder zu erhalten und die negativen Auswirkungen in jedem seiner Systeme (nat\u00fcrliche, soziale und wirtschaftliche) zu reduzieren, abzuschw\u00e4chen oder zu beseitigen, mit dem Ziel, eine <strong>NACHHALTIGE VERANSTALTUNG<\/strong> zu werden.<\/p><p><strong>LUSTRAL FEST<\/strong> bekr\u00e4ftigt mit dieser Nachhaltigkeitspolitik sein st\u00e4ndiges Engagement und seine Verantwortung f\u00fcr das nachhaltige Management seiner Aktivit\u00e4ten, die Anforderungen der verschiedenen Interessengruppen und die Erf\u00fcllung seiner Prinzipien und Werte mit der festen Absicht, sich an den SDGs (Sustainable Development Goals) auszurichten und die Ma\u00dfnahmen mit der Region Challenge der Kanarischen Agenda f\u00fcr nachhaltige Entwicklung: Challenge 5 und die Ma\u00dfnahmen mit den Accelerator Policies der Kanarischen Strategie f\u00fcr nachhaltige Entwicklung: Accelerator Policy 5 in Einklang zu bringen.<\/p><p>Das <strong>LUSTRAL FEST<\/strong> als Ganzes steht auch im Einklang mit den SDGs 3, 8, 11, 12 und 17.<\/p>\t\t\t\t\t\t\t\t<\/div>\n\t\t\t\t<\/div>\n\t\t\t\t\t<\/div>\n\t\t\t\t<\/div>\n\t\t\t\t<\/div>\n\t\t","protected":false},"excerpt":{"rendered":"<p>Das LUSTRAL FEST ist sich seiner eigenen Aktivit\u00e4ten und Auswirkungen auf die Umwelt bewusst und \u00fcbernimmt die Verantwortung und das Ausma\u00df der Auswirkungen, indem es sich an jeden einzelnen von ihnen anpasst, um sie im Falle der positiven Auswirkungen zu verbessern oder zu erhalten und die negativen Auswirkungen in jedem seiner Systeme (nat\u00fcrliche, soziale und [&hellip;]<\/p>\n","protected":false},"author":1,"featured_media":0,"parent":0,"menu_order":0,"comment_status":"closed","ping_status":"closed","template":"","meta":{"footnotes":""},"class_list":["post-722","page","type-page","status-publish","hentry"],"yoast_head":"<!-- This site is optimized with the Yoast SEO plugin v25.6 - https:\/\/yoast.com\/wordpress\/plugins\/seo\/ -->\n<title>Nachhaltigkeit - Lustral Fest La Palma<\/title>\n<meta name=\"description\" content=\"Informationsseite zur Nachhaltigkeit auf dem Lustral Fest La Palma\" \/>\n<meta name=\"robots\" content=\"index, follow, max-snippet:-1, max-image-preview:large, max-video-preview:-1\" \/>\n<link rel=\"canonical\" href=\"https:\/\/lustralfest.com\/de\/nachhaltigkeit\/\" \/>\n<meta property=\"og:locale\" content=\"de_DE\" \/>\n<meta property=\"og:type\" content=\"article\" \/>\n<meta property=\"og:title\" content=\"Nachhaltigkeit - Lustral Fest La Palma\" \/>\n<meta property=\"og:description\" content=\"Informationsseite zur Nachhaltigkeit auf dem Lustral Fest La Palma\" \/>\n<meta property=\"og:url\" content=\"https:\/\/lustralfest.com\/de\/nachhaltigkeit\/\" \/>\n<meta property=\"og:site_name\" content=\"Lustral Fest La Palma\" \/>\n<meta property=\"article:publisher\" content=\"https:\/\/www.facebook.com\/profile.php?id=61576060896181\" \/>\n<meta property=\"article:modified_time\" content=\"2025-05-13T09:46:00+00:00\" \/>\n<meta property=\"og:image\" content=\"https:\/\/lustralfest.com\/wp-content\/uploads\/2025\/03\/logo_LustralFest_b.png\" \/>\n\t<meta property=\"og:image:width\" content=\"500\" \/>\n\t<meta property=\"og:image:height\" content=\"136\" \/>\n\t<meta property=\"og:image:type\" content=\"image\/png\" \/>\n<meta name=\"twitter:card\" content=\"summary_large_image\" \/>\n<meta name=\"twitter:label1\" content=\"Gesch\u00e4tzte Lesezeit\" \/>\n\t<meta name=\"twitter:data1\" content=\"1\u00a0Minute\" \/>\n<script type=\"application\/ld+json\" class=\"yoast-schema-graph\">{\"@context\":\"https:\/\/schema.org\",\"@graph\":[{\"@type\":\"WebPage\",\"@id\":\"https:\/\/lustralfest.com\/de\/nachhaltigkeit\/\",\"url\":\"https:\/\/lustralfest.com\/de\/nachhaltigkeit\/\",\"name\":\"Nachhaltigkeit - Lustral Fest La Palma\",\"isPartOf\":{\"@id\":\"https:\/\/lustralfest.com\/#website\"},\"datePublished\":\"2025-03-15T19:45:01+00:00\",\"dateModified\":\"2025-05-13T09:46:00+00:00\",\"description\":\"Informationsseite zur Nachhaltigkeit auf dem Lustral Fest La Palma\",\"breadcrumb\":{\"@id\":\"https:\/\/lustralfest.com\/de\/nachhaltigkeit\/#breadcrumb\"},\"inLanguage\":\"de\",\"potentialAction\":[{\"@type\":\"ReadAction\",\"target\":[\"https:\/\/lustralfest.com\/de\/nachhaltigkeit\/\"]}]},{\"@type\":\"BreadcrumbList\",\"@id\":\"https:\/\/lustralfest.com\/de\/nachhaltigkeit\/#breadcrumb\",\"itemListElement\":[{\"@type\":\"ListItem\",\"position\":1,\"name\":\"Portada\",\"item\":\"https:\/\/lustralfest.com\/\"},{\"@type\":\"ListItem\",\"position\":2,\"name\":\"Nachhaltigkeit\"}]},{\"@type\":\"WebSite\",\"@id\":\"https:\/\/lustralfest.com\/#website\",\"url\":\"https:\/\/lustralfest.com\/\",\"name\":\"Lustral Fest La Palma\",\"description\":\"Zweit\u00e4giges Musikfestival im Rahmen der Fiesta de Inter\u00e9s Tur\u00edstico Nacional de la Bajada de la Virgen de las Nieves (Abstieg der Jungfrau des Schnees).\",\"publisher\":{\"@id\":\"https:\/\/lustralfest.com\/#organization\"},\"alternateName\":\"Lustral Fest\",\"potentialAction\":[{\"@type\":\"SearchAction\",\"target\":{\"@type\":\"EntryPoint\",\"urlTemplate\":\"https:\/\/lustralfest.com\/?s={search_term_string}\"},\"query-input\":{\"@type\":\"PropertyValueSpecification\",\"valueRequired\":true,\"valueName\":\"search_term_string\"}}],\"inLanguage\":\"de\"},{\"@type\":\"Organization\",\"@id\":\"https:\/\/lustralfest.com\/#organization\",\"name\":\"Sociedad de Promoci\u00f3n y Desarrollo Econ\u00f3mico y Social de La Palma\",\"alternateName\":\"SODEPAL\",\"url\":\"https:\/\/lustralfest.com\/\",\"logo\":{\"@type\":\"ImageObject\",\"inLanguage\":\"de\",\"@id\":\"https:\/\/lustralfest.com\/#\/schema\/logo\/image\/\",\"url\":\"https:\/\/lustralfest.com\/wp-content\/uploads\/2025\/03\/sodepal_logo.png\",\"contentUrl\":\"https:\/\/lustralfest.com\/wp-content\/uploads\/2025\/03\/sodepal_logo.png\",\"width\":300,\"height\":300,\"caption\":\"Sociedad de Promoci\u00f3n y Desarrollo Econ\u00f3mico y Social de La Palma\"},\"image\":{\"@id\":\"https:\/\/lustralfest.com\/#\/schema\/logo\/image\/\"},\"sameAs\":[\"https:\/\/www.facebook.com\/profile.php?id=61576060896181\",\"https:\/\/www.instagram.com\/lustralfestlapalma\/\",\"https:\/\/www.youtube.com\/@LustralFestLaPalma\"]}]}<\/script>\n<!-- \/ Yoast SEO plugin. -->","yoast_head_json":{"title":"Nachhaltigkeit - Lustral Fest La Palma","description":"Informationsseite zur Nachhaltigkeit auf dem Lustral Fest La Palma","robots":{"index":"index","follow":"follow","max-snippet":"max-snippet:-1","max-image-preview":"max-image-preview:large","max-video-preview":"max-video-preview:-1"},"canonical":"https:\/\/lustralfest.com\/de\/nachhaltigkeit\/","og_locale":"de_DE","og_type":"article","og_title":"Nachhaltigkeit - Lustral Fest La Palma","og_description":"Informationsseite zur Nachhaltigkeit auf dem Lustral Fest La Palma","og_url":"https:\/\/lustralfest.com\/de\/nachhaltigkeit\/","og_site_name":"Lustral Fest La Palma","article_publisher":"https:\/\/www.facebook.com\/profile.php?id=61576060896181","article_modified_time":"2025-05-13T09:46:00+00:00","og_image":[{"width":500,"height":136,"url":"https:\/\/lustralfest.com\/wp-content\/uploads\/2025\/03\/logo_LustralFest_b.png","type":"image\/png"}],"twitter_card":"summary_large_image","twitter_misc":{"Gesch\u00e4tzte Lesezeit":"1\u00a0Minute"},"schema":{"@context":"https:\/\/schema.org","@graph":[{"@type":"WebPage","@id":"https:\/\/lustralfest.com\/de\/nachhaltigkeit\/","url":"https:\/\/lustralfest.com\/de\/nachhaltigkeit\/","name":"Nachhaltigkeit - Lustral Fest La Palma","isPartOf":{"@id":"https:\/\/lustralfest.com\/#website"},"datePublished":"2025-03-15T19:45:01+00:00","dateModified":"2025-05-13T09:46:00+00:00","description":"Informationsseite zur Nachhaltigkeit auf dem Lustral Fest La Palma","breadcrumb":{"@id":"https:\/\/lustralfest.com\/de\/nachhaltigkeit\/#breadcrumb"},"inLanguage":"de","potentialAction":[{"@type":"ReadAction","target":["https:\/\/lustralfest.com\/de\/nachhaltigkeit\/"]}]},{"@type":"BreadcrumbList","@id":"https:\/\/lustralfest.com\/de\/nachhaltigkeit\/#breadcrumb","itemListElement":[{"@type":"ListItem","position":1,"name":"Portada","item":"https:\/\/lustralfest.com\/"},{"@type":"ListItem","position":2,"name":"Nachhaltigkeit"}]},{"@type":"WebSite","@id":"https:\/\/lustralfest.com\/#website","url":"https:\/\/lustralfest.com\/","name":"Lustral Fest La Palma","description":"Zweit\u00e4giges Musikfestival im Rahmen der Fiesta de Inter\u00e9s Tur\u00edstico Nacional de la Bajada de la Virgen de las Nieves (Abstieg der Jungfrau des Schnees).","publisher":{"@id":"https:\/\/lustralfest.com\/#organization"},"alternateName":"Lustral Fest","potentialAction":[{"@type":"SearchAction","target":{"@type":"EntryPoint","urlTemplate":"https:\/\/lustralfest.com\/?s={search_term_string}"},"query-input":{"@type":"PropertyValueSpecification","valueRequired":true,"valueName":"search_term_string"}}],"inLanguage":"de"},{"@type":"Organization","@id":"https:\/\/lustralfest.com\/#organization","name":"Sociedad de Promoci\u00f3n y Desarrollo Econ\u00f3mico y Social de La Palma","alternateName":"SODEPAL","url":"https:\/\/lustralfest.com\/","logo":{"@type":"ImageObject","inLanguage":"de","@id":"https:\/\/lustralfest.com\/#\/schema\/logo\/image\/","url":"https:\/\/lustralfest.com\/wp-content\/uploads\/2025\/03\/sodepal_logo.png","contentUrl":"https:\/\/lustralfest.com\/wp-content\/uploads\/2025\/03\/sodepal_logo.png","width":300,"height":300,"caption":"Sociedad de Promoci\u00f3n y Desarrollo Econ\u00f3mico y Social de La Palma"},"image":{"@id":"https:\/\/lustralfest.com\/#\/schema\/logo\/image\/"},"sameAs":["https:\/\/www.facebook.com\/profile.php?id=61576060896181","https:\/\/www.instagram.com\/lustralfestlapalma\/","https:\/\/www.youtube.com\/@LustralFestLaPalma"]}]}},"_links":{"self":[{"href":"https:\/\/lustralfest.com\/de\/wp-json\/wp\/v2\/pages\/722","targetHints":{"allow":["GET"]}}],"collection":[{"href":"https:\/\/lustralfest.com\/de\/wp-json\/wp\/v2\/pages"}],"about":[{"href":"https:\/\/lustralfest.com\/de\/wp-json\/wp\/v2\/types\/page"}],"author":[{"embeddable":true,"href":"https:\/\/lustralfest.com\/de\/wp-json\/wp\/v2\/users\/1"}],"replies":[{"embeddable":true,"href":"https:\/\/lustralfest.com\/de\/wp-json\/wp\/v2\/comments?post=722"}],"version-history":[{"count":1,"href":"https:\/\/lustralfest.com\/de\/wp-json\/wp\/v2\/pages\/722\/revisions"}],"predecessor-version":[{"id":760,"href":"https:\/\/lustralfest.com\/de\/wp-json\/wp\/v2\/pages\/722\/revisions\/760"}],"wp:attachment":[{"href":"https:\/\/lustralfest.com\/de\/wp-json\/wp\/v2\/media?parent=722"}],"curies":[{"name":"wp","href":"https:\/\/api.w.org\/{rel}","templated":true}]}}