{"id":718,"date":"2025-03-15T19:43:59","date_gmt":"2025-03-15T19:43:59","guid":{"rendered":"https:\/\/lustralfest.com\/politica-de-cookies\/"},"modified":"2025-05-13T10:44:15","modified_gmt":"2025-05-13T09:44:15","slug":"cookies-politik","status":"publish","type":"page","link":"https:\/\/lustralfest.com\/de\/cookies-politik\/","title":{"rendered":"Cookies Politik"},"content":{"rendered":"\t\t<div data-elementor-type=\"wp-page\" data-elementor-id=\"718\" class=\"elementor elementor-718 elementor-7\" data-elementor-post-type=\"page\">\n\t\t\t\t<div class=\"elementor-element elementor-element-4fdd875 e-flex e-con-boxed e-con e-parent\" data-id=\"4fdd875\" data-element_type=\"container\">\n\t\t\t\t\t<div class=\"e-con-inner\">\n\t\t\t\t<div class=\"elementor-element elementor-element-b8992b2 elementor-widget elementor-widget-text-editor\" data-id=\"b8992b2\" data-element_type=\"widget\" data-widget_type=\"text-editor.default\">\n\t\t\t\t<div class=\"elementor-widget-container\">\n\t\t\t\t\t\t\t\t\t<section class=\"elementor-section elementor-top-section elementor-element elementor-element-cdc32e9 elementor-section-boxed elementor-section-height-default elementor-section-height-default\" data-id=\"cdc32e9\" data-element_type=\"section\"><div class=\"elementor-container elementor-column-gap-default\"><div class=\"elementor-column elementor-col-100 elementor-top-column elementor-element elementor-element-bffdd6d\" data-id=\"bffdd6d\" data-element_type=\"column\"><div class=\"elementor-widget-wrap elementor-element-populated\"><div class=\"elementor-element elementor-element-afd1357 elementor-widget elementor-widget-theme-post-content\" data-id=\"afd1357\" data-element_type=\"widget\" data-widget_type=\"theme-post-content.default\"><div class=\"elementor-widget-container\"><div class=\"elementor elementor-1622\" data-elementor-type=\"wp-page\" data-elementor-id=\"1622\" data-elementor-post-type=\"page\"><section class=\"elementor-section elementor-top-section elementor-element elementor-element-4d667665 elementor-section-boxed elementor-section-height-default elementor-section-height-default\" data-id=\"4d667665\" data-element_type=\"section\"><div class=\"elementor-container elementor-column-gap-default\"><div class=\"elementor-column elementor-col-100 elementor-top-column elementor-element elementor-element-79fa24c6\" data-id=\"79fa24c6\" data-element_type=\"column\"><div class=\"elementor-widget-wrap elementor-element-populated\"><div class=\"elementor-element elementor-element-4232e491 elementor-widget elementor-widget-text-editor\" data-id=\"4232e491\" data-element_type=\"widget\" data-widget_type=\"text-editor.default\"><div class=\"elementor-widget-container\"><h4>Was sind Cookies?<\/h4><p>Ein Cookie ist eine Datei, die auf Ihren Computer heruntergeladen wird, wenn Sie auf bestimmte Websites zugreifen. Cookies erm\u00f6glichen es einer Website unter anderem, Informationen \u00fcber die Surfgewohnheiten eines Nutzers oder seines Computers zu speichern und abzurufen, und je nach den darin enthaltenen Informationen und der Art und Weise, wie Sie Ihren Computer verwenden, k\u00f6nnen sie zur Wiedererkennung des Nutzers verwendet werden.<\/p><p>Diese Website verwendet Cookies und\/oder \u00e4hnliche Technologien, die Informationen speichern und abrufen, wenn Sie surfen. Im Allgemeinen k\u00f6nnen diese Technologien f\u00fcr eine Vielzahl von Zwecken verwendet werden, z. B. um Sie als Benutzer zu erkennen, Informationen \u00fcber Ihre Surfgewohnheiten zu erhalten oder die Art und Weise, in der Inhalte angezeigt werden, zu personalisieren. Im Folgenden wird beschrieben, wie wir diese Technologien im Einzelnen nutzen.<\/p><h4>Welche Arten von Cookies gibt es?<\/h4><p>Je nachdem, wer sie verwaltet:<\/p><ul><li>Erstanbieter-Cookies: Dies sind Cookies, die von der Dom\u00e4ne, die von der besuchten Website verwaltet wird und von der aus die vom Nutzer angeforderte Dienstleistung erbracht wird, an den Computer des Nutzers gesendet werden.<\/li><li>Drittanbieter-Cookies: Dies sind Cookies, die von einer Dom\u00e4ne an den Computer des Nutzers gesendet werden, die nicht von der besuchten Website selbst verwaltet wird, sondern von einer anderen Einrichtung, die die Informationen verarbeitet.<\/li><\/ul><p><br \/>Je nach dem Zweck:<\/p><ul><li>Technische Cookies: Diese erm\u00f6glichen es dem Nutzer, auf einer Website zu surfen und die verschiedenen Optionen oder Dienste zu nutzen, die auf der Website vorhanden sind, einschlie\u00dflich derer, die es uns erm\u00f6glichen, die Website zu verwalten und zu betreiben und ihre Funktionen und Dienste zu erm\u00f6glichen, wie z. B. die Kontrolle des Datenverkehrs und der Datenkommunikation, die Identifizierung der Sitzung, den Zugang zu Bereichen mit eingeschr\u00e4nktem Zugang, die Erinnerung an die Elemente, aus denen eine Bestellung besteht, die Durchf\u00fchrung des Kaufvorgangs einer Bestellung, die Verwaltung der Zahlung, die Betrugsbek\u00e4mpfung, die Beantragung der Registrierung oder der Teilnahme an einer Veranstaltung, die Z\u00e4hlung der Besuche, usw.<\/li><li>Pr\u00e4ferenz- oder Personalisierungs-Cookies: Es handelt sich um Cookies, die es erm\u00f6glichen, Informationen zu speichern, damit der Nutzer auf den Dienst mit bestimmten Merkmalen zugreifen kann, die ihn von anderen Nutzern unterscheiden k\u00f6nnen, wie z. B. die Sprache, die Anzahl der Ergebnisse, die bei einer Suche angezeigt werden, das Aussehen oder der Inhalt des Dienstes in Abh\u00e4ngigkeit von der Art des Browsers, mit dem der Nutzer auf den Dienst zugreift, oder der Region, aus der er auf den Dienst zugreift, usw.<\/li><li>Analyse-Cookies: Diese Cookies erm\u00f6glichen es uns, die Anzahl der Nutzer zu quantifizieren und somit die Nutzung des angebotenen Dienstes durch die Nutzer zu messen und statistisch zu analysieren. Zu diesem Zweck wird Ihr Surfverhalten auf unserer Website analysiert, um das Angebot an Produkten und Dienstleistungen zu verbessern.<\/li><li>Werbe-Cookies: Diese erm\u00f6glichen es uns, die Bereitstellung von Werbefl\u00e4chen auf der Website so effizient wie m\u00f6glich zu verwalten, indem wir den Inhalt der Werbung an den Inhalt der angeforderten Dienstleistung oder an die Nutzung unserer Website durch Sie anpassen. Auf diese Weise k\u00f6nnen wir Ihre Surfgewohnheiten im Internet analysieren und Ihnen Werbung zeigen, die Ihrem Surfprofil entspricht.<\/li><\/ul><p>Abh\u00e4ngig von der Dauer der Speicherung:<\/p><ul><li>Sitzungscookies: Diese sind dazu bestimmt, Daten zu sammeln und zu speichern, w\u00e4hrend der Nutzer auf eine Website zugreift. Sie werden in der Regel verwendet, um Informationen zu speichern, die nur f\u00fcr die Erbringung des vom Nutzer angeforderten Dienstes bei einer einzigen Gelegenheit aufbewahrt werden m\u00fcssen (z. B. eine Liste der gekauften Produkte), und verschwinden am Ende der Sitzung.<\/li><li>Dauerhafte Cookies: Dies sind Cookies, bei denen die Daten auf dem Endger\u00e4t gespeichert bleiben und f\u00fcr einen von der f\u00fcr das Cookie verantwortlichen Partei festgelegten Zeitraum, der von einigen Minuten bis zu mehreren Jahren reichen kann, abgerufen und verarbeitet werden k\u00f6nnen.<\/li><\/ul><h4>Informationen \u00fcber die Art der Cookies und ihren Zweck<\/h4><p><strong>Welche Cookies verwenden wir?<\/strong><\/p><p>www.lustralfest.com verwendet die folgenden Arten von Cookies auf der Website:<\/p><ul><li>Technische Cookies<br \/>Sie erm\u00f6glichen es dem Benutzer, auf der Website zu surfen.<\/li><li>Personalisierungs-Cookies<br \/>Sie erm\u00f6glichen es uns, die Pr\u00e4ferenzen des Benutzers zu kennen: Sprache, besuchte Produkte&#8230;<\/li><li>Analyse-Cookies<br \/>Wir verwenden Google-Analytics-Cookies, um die Anzahl der Nutzer, die die Website besuchen, zu ermitteln. Diese Cookies erm\u00f6glichen es uns, zu messen und zu analysieren, wie die Nutzer die Website besuchen. Diese Informationen erm\u00f6glichen es der SOCIEDAD DE PROMOCION Y DESARROLLO ECONOMICO DE LA ISLA DE LA PALMA SAU, ihre Dienstleistungen und die Erfahrung der Nutzer der Website kontinuierlich zu verbessern. Weitere Informationen finden Sie auf der Datenschutzseite von Google Analytics: <a href=\"https:\/\/developers.google.com\/analytics\/devguides\/collection\/analyticsjs\/cookie-usage\" target=\"_blank\" rel=\"noopener\">https:\/\/developers.google.com\/analytics\/devguides\/collection\/analyticsjs\/cookie-usage<\/a>.<\/li><\/ul><p><strong><br \/>In unserer Web-Domain installierte Cookies:<\/strong><\/p><table border=\"1\" width=\"80%\" cellpadding=\"0\"><tbody><tr><td height=\"29\">Cookie-Name<\/td><td><p align=\"left\">Zweck<\/p><\/td><td><p align=\"left\">Eigene\/ fremde<\/p><\/td><td><p align=\"left\">Dauer<\/p><\/td><td><p align=\"left\">Wann wird sie installiert?<\/p><\/td><\/tr><tr><td width=\"157\"><p align=\"left\">Sitzungs-Cookie<\/p><\/td><td width=\"178\"><p align=\"left\">Technik<\/p><\/td><td width=\"74\"><p align=\"left\">Eigene<\/p><\/td><td width=\"83\"><p align=\"left\">In Sitzung<\/p><\/td><td width=\"148\"><p align=\"left\">Beim Zugriff auf die Website<\/p><\/td><\/tr><tr><td width=\"157\"><p align=\"left\">statistics<\/p><\/td><td width=\"178\"><p align=\"left\">Technik<\/p><\/td><td width=\"74\"><p align=\"left\">Eigene<\/p><\/td><td width=\"83\"><p align=\"left\">Ein Monat<\/p><\/td><td width=\"148\"><p align=\"left\">Beim Zugriff auf die Website<\/p><\/td><\/tr><tr><td width=\"157\"><p align=\"left\">_utma<\/p><\/td><td width=\"178\"><p align=\"left\">Cookie anal\u00edtica de GOOGLE Analytics, Se usa para distinguir usuarios y sesiones.<\/p><\/td><td width=\"74\"><p align=\"left\">Dritte Parteie<\/p><\/td><td width=\"83\"><p align=\"left\">2 Jahre<\/p><\/td><td width=\"148\"><p align=\"left\">Wenn Cookies akzeptiert werden<\/p><\/td><\/tr><tr><td width=\"157\"><p align=\"left\">_utmb<br \/>_utmbta<\/p><\/td><td width=\"178\"><p align=\"left\">Cookie anal\u00edtica de GOOGLE Analytics, Se usa para determinar nuevas sesiones o visitas.<\/p><\/td><td width=\"74\"><p align=\"left\">Dritte Parteie<\/p><\/td><td width=\"83\"><p align=\"left\">30 Minuten<\/p><\/td><td width=\"148\"><p align=\"left\">Wenn Cookies akzeptiert werden<\/p><\/td><\/tr><tr><td width=\"157\"><p align=\"left\">_utmc<\/p><\/td><td width=\"178\"><p align=\"left\">GOOGLE-Analytics-Analytik-Cookie, nicht in ga.js verwendet. Es wird gesetzt, um mit urchin.js zu interagieren. Zuvor fungierte dieses Cookie in Verbindung mit dem __utmb-Cookie, um festzustellen, ob sich der Benutzer in einer neuen Sitzung oder einem neuen Besuch befand.<\/p><\/td><td width=\"74\"><p align=\"left\">Dritte Parteie<\/p><\/td><td width=\"83\"><p align=\"left\">In Sitzung<\/p><\/td><td width=\"148\"><p align=\"left\">Wenn Cookies akzeptiert werden<\/p><\/td><\/tr><tr><td width=\"157\"><p align=\"left\">_utmv<\/p><\/td><td width=\"178\"><p align=\"left\">Analytisches Cookie von GOOGLE Analytics, das zur Speicherung von Daten aus Datens\u00e4tzen verwendet wird, um diese demografisch zu segmentieren.<\/p><\/td><td width=\"74\"><p align=\"left\">Dritte Parteie<\/p><\/td><td width=\"83\"><p align=\"left\">2 Jahre<\/p><\/td><td width=\"148\"><p align=\"left\">Wenn Cookies akzeptiert werden<\/p><\/td><\/tr><tr><td width=\"157\"><p align=\"left\">_utmz<\/p><\/td><td width=\"178\"><p align=\"left\">Analytisches Cookie von GOOGLE Analytics, das zur Berechnung des von Suchmaschinen (organisch und PPC), Display-Werbekampagnen und der Navigation innerhalb derselben Website (interne Links) stammenden Verkehrs verwendet wird.<\/p><\/td><td width=\"74\"><p align=\"left\">Dritte Parteien<\/p><\/td><td width=\"83\"><p align=\"left\">6 Monate<\/p><\/td><td width=\"148\"><p align=\"left\">Wenn Cookies akzeptiert werden<\/p><\/td><\/tr><\/tbody><\/table><p>Diese Website enth\u00e4lt, wie die meisten Websites, Funktionen, die von Dritten bereitgestellt werden.<br \/>Unsere Website ist eine Live-Website und kann neue Designs oder Dienstleistungen von Dritten enthalten. Dies kann gelegentlich zu einer \u00c4nderung der Cookie-Einstellungen und zum Auftauchen von Cookies f\u00fchren, die in dieser Richtlinie nicht detailliert beschrieben werden.<\/p><p><strong>Die auf unserer Website verwendeten Cookies von Drittanbietern sind die folgenden:<\/strong><\/p><table border=\"1\" width=\"80%\" cellpadding=\"0\" align=\"left\"><tbody><tr><td>Halterung<\/td><td><p align=\"left\">Name<\/p><\/td><td><p align=\"left\">Wann wird sie installiert?<\/p><\/td><td><p align=\"left\">Beschreibung<\/p><\/td><td><p align=\"left\">Dauer<\/p><\/td><\/tr><tr><td width=\"139\"><p align=\"left\">Google<\/p><\/td><td width=\"159\"><p align=\"left\">\u00a0<\/p><\/td><td width=\"64\"><p align=\"left\">Beim Surfen im Internet und bei der Verwendung des Social Plug-ins<\/p><\/td><td width=\"111\"><p align=\"left\">Plug-in f\u00fcr soziale Netzwerke, das es dem Benutzer erm\u00f6glicht, Videos zu teilen.<\/p><\/td><td width=\"84\"><p align=\"left\">H\u00e4ngt vom sozialen Netzwerk ab<\/p><\/td><\/tr><\/tbody><\/table><p>Unsere Website hat keine Kontrolle \u00fcber die von diesen Dritten verwendeten Cookies. F\u00fcr weitere Informationen \u00fcber Cookies von sozialen Netzwerken oder anderen externen Websites raten wir Ihnen, deren eigene Cookie-Richtlinien zu lesen.<\/p><h4>Cookie-Einstellungen f\u00fcr g\u00e4ngige Browser<\/h4><p>(Hinweis: Diese Schritte k\u00f6nnen je nach Browserversion variieren)<\/p><p><span style=\"text-decoration: underline;\">Chrome:<\/span><br \/>Gehen Sie zu den Einstellungen, indem Sie auf das Anpassungssymbol oben rechts mit den drei vertikalen Punkten klicken.<br \/>Gehen Sie zu Datenschutz und Sicherheit.<br \/>W\u00e4hlen Sie Cookies und andere Websitedaten. Dort k\u00f6nnen Sie ausw\u00e4hlen, wie Cookies kontrolliert werden sollen.<\/p><p><span style=\"text-decoration: underline;\">Edge:<\/span><br \/>Gehen Sie zu Einstellungen, indem Sie auf die drei horizontalen Balken oben rechts im Browser klicken.<br \/>Klicken Sie auf Einstellungen und dann auf Cookies und Website-Berechtigungen.<br \/>Dort k\u00f6nnen Sie ausw\u00e4hlen, wie Cookies kontrolliert werden sollen.<\/p><p><span style=\"text-decoration: underline;\">Firefox:<\/span><br \/>Gehen Sie zu den Einstellungen, indem Sie auf die drei horizontalen Balken oben rechts im Browser klicken.<br \/>Klicken Sie auf Datenschutz und Sicherheit.<br \/>Unter Cookies &amp; Standortdaten k\u00f6nnen Sie alles, was mit Cookies zu tun hat, verwalten.<\/p><p><u>Opera<\/u>:<br \/>Gehen Sie zu den Einfachen Einstellungen, indem Sie auf die drei horizontalen Balken oben rechts im Browser klicken.<br \/>Klicken Sie auf Datenschutz und Sicherheit.<br \/>Unter Cookies und andere Website-Daten k\u00f6nnen Sie alles, was mit Cookies zu tun hat, verwalten.<\/p><p><u>Safari para OSX: <br \/><\/u>Gehen Sie zu Einstellungen und dann zu Datenschutz.<br \/>Hier sehen Sie die Option Cookies blockieren, mit der Sie die Art des Blockierens einstellen k\u00f6nnen, die Sie w\u00fcnschen.<\/p><p><u>Safari para iOS: <br \/><\/u>Gehen Sie zu Einstellungen und dann zu Safari.<br \/>Unter \u201eDatenschutz und Sicherheit\u201c finden Sie die Option \u201eCookies blockieren\u201c, mit der Sie die Art des Blockierens einstellen k\u00f6nnen.<\/p><p><u>Android<\/u>:<br \/>Starten Sie den Browser und dr\u00fccken Sie die Men\u00fctaste, dann Einstellungen.<br \/>Gehen Sie zu Sicherheit und Datenschutz. Dort sehen Sie die Option Cookies akzeptieren, die Sie aktivieren oder deaktivieren k\u00f6nnen.<\/p><h4>Sonstige Informationen \u00fcber Cookies<\/h4><p>Es werden keine Daten an Dritte weitergegeben und es wird kein automatisiertes Profiling mit den durch Cookies erhaltenen Informationen durchgef\u00fchrt.<\/p><p>Weitere Informationen zum Datenschutz finden Sie in den rechtlichen Hinweisen auf der Website.<\/p><p>Au\u00dferdem k\u00f6nnen Sie sich jederzeit mit Beschwerden \u00fcber Ihre Rechte an die Aufsichtsbeh\u00f6rde wenden (<a href=\"https:\/\/www.aepd.es\" target=\"_blank\" rel=\"noopener\">www.aepd.es<\/a>), die auch mehrere Leitf\u00e4den \u00fcber Cookies und Datenschutz im Internet bereith\u00e4lt.<\/p><\/div><\/div><\/div><\/div><\/div><\/section><\/div><\/div><\/div><\/div><\/div><\/div><\/section>\t\t\t\t\t\t\t\t<\/div>\n\t\t\t\t<\/div>\n\t\t\t\t\t<\/div>\n\t\t\t\t<\/div>\n\t\t\t\t<\/div>\n\t\t","protected":false},"excerpt":{"rendered":"<p>Was sind Cookies? Ein Cookie ist eine Datei, die auf Ihren Computer heruntergeladen wird, wenn Sie auf bestimmte Websites zugreifen. Cookies erm\u00f6glichen es einer Website unter anderem, Informationen \u00fcber die Surfgewohnheiten eines Nutzers oder seines Computers zu speichern und abzurufen, und je nach den darin enthaltenen Informationen und der Art und Weise, wie Sie Ihren [&hellip;]<\/p>\n","protected":false},"author":1,"featured_media":0,"parent":0,"menu_order":0,"comment_status":"closed","ping_status":"closed","template":"","meta":{"footnotes":""},"class_list":["post-718","page","type-page","status-publish","hentry"],"yoast_head":"<!-- This site is optimized with the Yoast SEO plugin v25.6 - https:\/\/yoast.com\/wordpress\/plugins\/seo\/ -->\n<title>Cookies Politik - Lustral Fest La Palma<\/title>\n<meta name=\"description\" content=\"Cookie-Politik-Seite dieser Website\" \/>\n<meta name=\"robots\" content=\"index, follow, max-snippet:-1, max-image-preview:large, max-video-preview:-1\" \/>\n<link rel=\"canonical\" href=\"https:\/\/lustralfest.com\/de\/cookies-politik\/\" \/>\n<meta property=\"og:locale\" content=\"de_DE\" \/>\n<meta property=\"og:type\" content=\"article\" \/>\n<meta property=\"og:title\" content=\"Cookies Politik - Lustral Fest La Palma\" \/>\n<meta property=\"og:description\" content=\"Cookie-Politik-Seite dieser Website\" \/>\n<meta property=\"og:url\" content=\"https:\/\/lustralfest.com\/de\/cookies-politik\/\" \/>\n<meta property=\"og:site_name\" content=\"Lustral Fest La Palma\" \/>\n<meta property=\"article:publisher\" content=\"https:\/\/www.facebook.com\/profile.php?id=61576060896181\" \/>\n<meta property=\"article:modified_time\" content=\"2025-05-13T09:44:15+00:00\" \/>\n<meta property=\"og:image\" content=\"https:\/\/lustralfest.com\/wp-content\/uploads\/2025\/03\/logo_LustralFest_b.png\" \/>\n\t<meta property=\"og:image:width\" content=\"500\" \/>\n\t<meta property=\"og:image:height\" content=\"136\" \/>\n\t<meta property=\"og:image:type\" content=\"image\/png\" \/>\n<meta name=\"twitter:card\" content=\"summary_large_image\" \/>\n<meta name=\"twitter:label1\" content=\"Gesch\u00e4tzte Lesezeit\" \/>\n\t<meta name=\"twitter:data1\" content=\"7\u00a0Minuten\" \/>\n<script type=\"application\/ld+json\" class=\"yoast-schema-graph\">{\"@context\":\"https:\/\/schema.org\",\"@graph\":[{\"@type\":\"WebPage\",\"@id\":\"https:\/\/lustralfest.com\/de\/cookies-politik\/\",\"url\":\"https:\/\/lustralfest.com\/de\/cookies-politik\/\",\"name\":\"Cookies Politik - Lustral Fest La Palma\",\"isPartOf\":{\"@id\":\"https:\/\/lustralfest.com\/#website\"},\"datePublished\":\"2025-03-15T19:43:59+00:00\",\"dateModified\":\"2025-05-13T09:44:15+00:00\",\"description\":\"Cookie-Politik-Seite dieser Website\",\"breadcrumb\":{\"@id\":\"https:\/\/lustralfest.com\/de\/cookies-politik\/#breadcrumb\"},\"inLanguage\":\"de\",\"potentialAction\":[{\"@type\":\"ReadAction\",\"target\":[\"https:\/\/lustralfest.com\/de\/cookies-politik\/\"]}]},{\"@type\":\"BreadcrumbList\",\"@id\":\"https:\/\/lustralfest.com\/de\/cookies-politik\/#breadcrumb\",\"itemListElement\":[{\"@type\":\"ListItem\",\"position\":1,\"name\":\"Portada\",\"item\":\"https:\/\/lustralfest.com\/\"},{\"@type\":\"ListItem\",\"position\":2,\"name\":\"Cookies Politik\"}]},{\"@type\":\"WebSite\",\"@id\":\"https:\/\/lustralfest.com\/#website\",\"url\":\"https:\/\/lustralfest.com\/\",\"name\":\"Lustral Fest La Palma\",\"description\":\"Zweit\u00e4giges Musikfestival im Rahmen der Fiesta de Inter\u00e9s Tur\u00edstico Nacional de la Bajada de la Virgen de las Nieves (Abstieg der Jungfrau des Schnees).\",\"publisher\":{\"@id\":\"https:\/\/lustralfest.com\/#organization\"},\"alternateName\":\"Lustral Fest\",\"potentialAction\":[{\"@type\":\"SearchAction\",\"target\":{\"@type\":\"EntryPoint\",\"urlTemplate\":\"https:\/\/lustralfest.com\/?s={search_term_string}\"},\"query-input\":{\"@type\":\"PropertyValueSpecification\",\"valueRequired\":true,\"valueName\":\"search_term_string\"}}],\"inLanguage\":\"de\"},{\"@type\":\"Organization\",\"@id\":\"https:\/\/lustralfest.com\/#organization\",\"name\":\"Sociedad de Promoci\u00f3n y Desarrollo Econ\u00f3mico y Social de La Palma\",\"alternateName\":\"SODEPAL\",\"url\":\"https:\/\/lustralfest.com\/\",\"logo\":{\"@type\":\"ImageObject\",\"inLanguage\":\"de\",\"@id\":\"https:\/\/lustralfest.com\/#\/schema\/logo\/image\/\",\"url\":\"https:\/\/lustralfest.com\/wp-content\/uploads\/2025\/03\/sodepal_logo.png\",\"contentUrl\":\"https:\/\/lustralfest.com\/wp-content\/uploads\/2025\/03\/sodepal_logo.png\",\"width\":300,\"height\":300,\"caption\":\"Sociedad de Promoci\u00f3n y Desarrollo Econ\u00f3mico y Social de La Palma\"},\"image\":{\"@id\":\"https:\/\/lustralfest.com\/#\/schema\/logo\/image\/\"},\"sameAs\":[\"https:\/\/www.facebook.com\/profile.php?id=61576060896181\",\"https:\/\/www.instagram.com\/lustralfestlapalma\/\",\"https:\/\/www.youtube.com\/@LustralFestLaPalma\"]}]}<\/script>\n<!-- \/ Yoast SEO plugin. -->","yoast_head_json":{"title":"Cookies Politik - Lustral Fest La Palma","description":"Cookie-Politik-Seite dieser Website","robots":{"index":"index","follow":"follow","max-snippet":"max-snippet:-1","max-image-preview":"max-image-preview:large","max-video-preview":"max-video-preview:-1"},"canonical":"https:\/\/lustralfest.com\/de\/cookies-politik\/","og_locale":"de_DE","og_type":"article","og_title":"Cookies Politik - Lustral Fest La Palma","og_description":"Cookie-Politik-Seite dieser Website","og_url":"https:\/\/lustralfest.com\/de\/cookies-politik\/","og_site_name":"Lustral Fest La Palma","article_publisher":"https:\/\/www.facebook.com\/profile.php?id=61576060896181","article_modified_time":"2025-05-13T09:44:15+00:00","og_image":[{"width":500,"height":136,"url":"https:\/\/lustralfest.com\/wp-content\/uploads\/2025\/03\/logo_LustralFest_b.png","type":"image\/png"}],"twitter_card":"summary_large_image","twitter_misc":{"Gesch\u00e4tzte Lesezeit":"7\u00a0Minuten"},"schema":{"@context":"https:\/\/schema.org","@graph":[{"@type":"WebPage","@id":"https:\/\/lustralfest.com\/de\/cookies-politik\/","url":"https:\/\/lustralfest.com\/de\/cookies-politik\/","name":"Cookies Politik - Lustral Fest La Palma","isPartOf":{"@id":"https:\/\/lustralfest.com\/#website"},"datePublished":"2025-03-15T19:43:59+00:00","dateModified":"2025-05-13T09:44:15+00:00","description":"Cookie-Politik-Seite dieser Website","breadcrumb":{"@id":"https:\/\/lustralfest.com\/de\/cookies-politik\/#breadcrumb"},"inLanguage":"de","potentialAction":[{"@type":"ReadAction","target":["https:\/\/lustralfest.com\/de\/cookies-politik\/"]}]},{"@type":"BreadcrumbList","@id":"https:\/\/lustralfest.com\/de\/cookies-politik\/#breadcrumb","itemListElement":[{"@type":"ListItem","position":1,"name":"Portada","item":"https:\/\/lustralfest.com\/"},{"@type":"ListItem","position":2,"name":"Cookies Politik"}]},{"@type":"WebSite","@id":"https:\/\/lustralfest.com\/#website","url":"https:\/\/lustralfest.com\/","name":"Lustral Fest La Palma","description":"Zweit\u00e4giges Musikfestival im Rahmen der Fiesta de Inter\u00e9s Tur\u00edstico Nacional de la Bajada de la Virgen de las Nieves (Abstieg der Jungfrau des Schnees).","publisher":{"@id":"https:\/\/lustralfest.com\/#organization"},"alternateName":"Lustral Fest","potentialAction":[{"@type":"SearchAction","target":{"@type":"EntryPoint","urlTemplate":"https:\/\/lustralfest.com\/?s={search_term_string}"},"query-input":{"@type":"PropertyValueSpecification","valueRequired":true,"valueName":"search_term_string"}}],"inLanguage":"de"},{"@type":"Organization","@id":"https:\/\/lustralfest.com\/#organization","name":"Sociedad de Promoci\u00f3n y Desarrollo Econ\u00f3mico y Social de La Palma","alternateName":"SODEPAL","url":"https:\/\/lustralfest.com\/","logo":{"@type":"ImageObject","inLanguage":"de","@id":"https:\/\/lustralfest.com\/#\/schema\/logo\/image\/","url":"https:\/\/lustralfest.com\/wp-content\/uploads\/2025\/03\/sodepal_logo.png","contentUrl":"https:\/\/lustralfest.com\/wp-content\/uploads\/2025\/03\/sodepal_logo.png","width":300,"height":300,"caption":"Sociedad de Promoci\u00f3n y Desarrollo Econ\u00f3mico y Social de La Palma"},"image":{"@id":"https:\/\/lustralfest.com\/#\/schema\/logo\/image\/"},"sameAs":["https:\/\/www.facebook.com\/profile.php?id=61576060896181","https:\/\/www.instagram.com\/lustralfestlapalma\/","https:\/\/www.youtube.com\/@LustralFestLaPalma"]}]}},"_links":{"self":[{"href":"https:\/\/lustralfest.com\/de\/wp-json\/wp\/v2\/pages\/718","targetHints":{"allow":["GET"]}}],"collection":[{"href":"https:\/\/lustralfest.com\/de\/wp-json\/wp\/v2\/pages"}],"about":[{"href":"https:\/\/lustralfest.com\/de\/wp-json\/wp\/v2\/types\/page"}],"author":[{"embeddable":true,"href":"https:\/\/lustralfest.com\/de\/wp-json\/wp\/v2\/users\/1"}],"replies":[{"embeddable":true,"href":"https:\/\/lustralfest.com\/de\/wp-json\/wp\/v2\/comments?post=718"}],"version-history":[{"count":5,"href":"https:\/\/lustralfest.com\/de\/wp-json\/wp\/v2\/pages\/718\/revisions"}],"predecessor-version":[{"id":800,"href":"https:\/\/lustralfest.com\/de\/wp-json\/wp\/v2\/pages\/718\/revisions\/800"}],"wp:attachment":[{"href":"https:\/\/lustralfest.com\/de\/wp-json\/wp\/v2\/media?parent=718"}],"curies":[{"name":"wp","href":"https:\/\/api.w.org\/{rel}","templated":true}]}}